{"id":3,"date":"2010-02-03T15:23:41","date_gmt":"2010-02-03T14:23:41","guid":{"rendered":"http:\/\/hartz4-muss-weg.de\/?page_id=3"},"modified":"2014-12-02T18:09:02","modified_gmt":"2014-12-02T17:09:02","slug":"impressum","status":"publish","type":"page","link":"https:\/\/hartz4-muss-weg.de\/?page_id=3","title":{"rendered":"Wir \u00fcber uns"},"content":{"rendered":"<h3>Mainzer Initiative gegen Hartz IV<br \/>\nSelbstdarstellung<\/h3>\n<h4>Wir treffen uns jeden ersten Dienstag eines Monats um 19 Uhr im DGB-Haus, Kaiserstra\u00dfe 26-30; Zugang \u00fcber den Innenhof.<\/h4>\n<p style=\"font-weight: bold\">Wir sind f\u00fcr die Abschaffung der Hartz IV-Gesetze<\/p>\n<ul>\n<li><strong>weil sie gegen das deutsche Grundgesetz  versto\u00dfen<\/strong>:<br \/>\nArtikel 1<br \/>\nDie W\u00fcrde des Menschen ist unantastbar. Sie zu achten und zu sch\u00fctzen ist Verpflichtung aller staatlichen Gewalt.<br \/>\nArtikel 12<br \/>\n(1) Alle Deutschen haben das Recht, Beruf, Arbeitsplatz und Ausbildungsst\u00e4tte frei zu w\u00e4hlen. Die Berufsaus\u00fcbung kann durch Gesetz oder auf Grund eines Gesetzes geregelt werden.<br \/>\n(2) Niemand darf zu einer bestimmten Arbeit gezwungen werden, au\u00dfer im Rahmen einer herk\u00f6mmlichen allgemeinen, f\u00fcr alle gleichen \u00f6ffentlichen Dienstleistungspflicht.<br \/>\n(3) Zwangsarbeit ist nur bei einer gerichtlich angeordneten Freiheitsentziehung zul\u00e4ssig.<\/li>\n<li><strong>weil sie arbeitslose Menschen und ihre Angeh\u00f6rigen sozial ausgrenzen, entrechten und entm\u00fcndigen<\/strong> (z.B. durch unangemeldete Hausbesuche durch den Hartz IV-Au\u00dfendienst, die grundgesetzwidrig sind):<br \/>\nArtikel 13<br \/>\n(1) Die Wohnung ist unverletzlich.<br \/>\n(2) Durchsuchungen d\u00fcrfen nur durch den Richter, bei Gefahr im Verzuge auch durch die in den Gesetzen vorgesehenen anderen Organe angeordnet und nur in der dort vorgeschriebenen Form durchgef\u00fchrt werden.<\/li>\n<li><strong>weil sie die Kluft zwischen Arm und Reich vergr\u00f6\u00dfern und dazu beitragen, dass sich eine immer st\u00e4rker wachsende Unterschicht bildet<\/strong>. Deren Aussichten auf einen Ausweg aus der Armut werden systematisch eingeschr\u00e4nkt und Altersarmut vorprogrammiert.<\/li>\n<li><strong>weil Erwerbst\u00e4tige und Erwerbslose gegeneinander ausgespielt werden, um den Druck auf alle abh\u00e4ngigen Arbeitnehmer zu erh\u00f6hen<\/strong> (Lohndumping, Drohung mit Arbeitsplatzverlust).<\/li>\n<li><strong>weil sie die Grundlage daf\u00fcr bieten, dass Arbeitlose von Politik und Medien diffamiert werden<\/strong>. Es werden Missbrauchs-, Faulheits- und andere Debatten gef\u00fchrt, die jeder Grundlage entbehren und menschenunw\u00fcrdig sind.<\/li>\n<li><strong>weil Hartz IV keine gesellschaftliche Teilhabe erm\u00f6glicht<\/strong>.<\/li>\n<li><strong>weil sie Ausdruck eines ungerechten Gesellschaftssystems sind<\/strong>, in dem der Staat Unternehmen und Aktion\u00e4ren immer gr\u00f6\u00dfere Gewinne erm\u00f6glicht, w\u00e4hrend gleichzeitig immer weniger Geld in die \u00f6ffentlichen und sozialen Aufgaben flie\u00dft.<\/li>\n<\/ul>\n<p><strong>Hartz IV ist nicht reformierbar!<\/strong><\/p>\n<h4>Wie arbeiten wir?<\/h4>\n<p>Wir informieren die \u00d6ffentlichkeit \u00fcber skandal\u00f6se Einzelf\u00e4lle, Ungerechtigkeiten, Beh\u00f6rdeninkompetenz und \u2013willk\u00fcr und aktuelle Missst\u00e4nde.<\/p>\n<p>Dazu planen wir Protestaktionen.<\/p>\n<p>Wir reagieren gegen\u00fcber Medien und Politik auf die Diffamierung von Arbeitslosengeld- und Hartz IV-Empf\u00e4ngern und bilden damit eine politische Gegen\u00f6ffentlichkeit.<\/p>\n<p>Wir verstehen uns als Netzwerk, bieten eine Kontaktb\u00f6rse, vermitteln Beratung und Selbsthilfe f\u00fcr Betroffene.<\/p>\n<p>Wir organisieren Fortbildung in Sachen Hartz IV.<\/p>\n<p>Die Mainzer Initiative gegen Hartz IV ist ein Zusammenschluss von Hartz IV-Betroffenen und anderen engagierten Privatpersonen sowie MitarbeiterInnen sozialer Einrichtungen, die der Situation aktiv etwas entgegensetzen m\u00f6chten.<\/p>\n<p style=\"font-weight: bold\">Wir w\u00fcrden uns gerne jeden Monat einmal treffen! R\u00fcckmeldungen willkommen&#8230;<\/p>\n<h4>Zum Download:<\/h4>\n<p>Eine Selbstdarstellung im Flyer-Format k\u00f6nnen Sie auch als PDF-Datei herunterladen:<\/p>\n<p><a title=\"Selbstdarstellung der Mainzer Initiative gegen HARTZ IV\" href=\"https:\/\/hartz4-muss-weg.de\/wp-content\/uploads\/2007\/08\/selbstdarstellunghartz-iv-initiative02.pdf\">Selbstdarstellung<\/a><\/p>\n","protected":false},"excerpt":{"rendered":"<p>Mainzer Initiative gegen Hartz IV Selbstdarstellung Wir treffen uns jeden ersten Dienstag eines Monats um 19 Uhr im DGB-Haus, Kaiserstra\u00dfe 26-30; Zugang \u00fcber den Innenhof. Wir sind f\u00fcr die Abschaffung der Hartz IV-Gesetze weil sie gegen das deutsche Grundgesetz versto\u00dfen: Artikel 1 Die W\u00fcrde des Menschen ist unantastbar. Sie zu achten und zu sch\u00fctzen ist &hellip; <a href=\"https:\/\/hartz4-muss-weg.de\/?page_id=3\" class=\"more-link\">Continue reading <span class=\"screen-reader-text\">Wir \u00fcber uns<\/span> <span class=\"meta-nav\">&rarr;<\/span><\/a><\/p>\n","protected":false},"author":3,"featured_media":0,"parent":0,"menu_order":0,"comment_status":"open","ping_status":"closed","template":"","meta":{"footnotes":""},"class_list":["post-3","page","type-page","status-publish","hentry"],"_links":{"self":[{"href":"https:\/\/hartz4-muss-weg.de\/index.php?rest_route=\/wp\/v2\/pages\/3","targetHints":{"allow":["GET"]}}],"collection":[{"href":"https:\/\/hartz4-muss-weg.de\/index.php?rest_route=\/wp\/v2\/pages"}],"about":[{"href":"https:\/\/hartz4-muss-weg.de\/index.php?rest_route=\/wp\/v2\/types\/page"}],"author":[{"embeddable":true,"href":"https:\/\/hartz4-muss-weg.de\/index.php?rest_route=\/wp\/v2\/users\/3"}],"replies":[{"embeddable":true,"href":"https:\/\/hartz4-muss-weg.de\/index.php?rest_route=%2Fwp%2Fv2%2Fcomments&post=3"}],"version-history":[{"count":0,"href":"https:\/\/hartz4-muss-weg.de\/index.php?rest_route=\/wp\/v2\/pages\/3\/revisions"}],"wp:attachment":[{"href":"https:\/\/hartz4-muss-weg.de\/index.php?rest_route=%2Fwp%2Fv2%2Fmedia&parent=3"}],"curies":[{"name":"wp","href":"https:\/\/api.w.org\/{rel}","templated":true}]}}